{"id":99,"date":"2025-07-23T20:22:42","date_gmt":"2025-07-23T20:22:42","guid":{"rendered":"https:\/\/welliwellnesspr.com\/?page_id=99"},"modified":"2025-07-30T15:05:17","modified_gmt":"2025-07-30T15:05:17","slug":"gracias","status":"publish","type":"page","link":"https:\/\/welliwellnesspr.com\/es\/gracias\/","title":{"rendered":"Gracias"},"content":{"rendered":"<div data-elementor-type=\"wp-post\" data-elementor-id=\"99\" class=\"elementor elementor-99\" data-elementor-settings=\"{&quot;ha_cmc_init_switcher&quot;:&quot;no&quot;}\">\n\t\t\t\t<div class=\"elementor-element elementor-element-e909a82 e-con-full e-flex wpr-particle-no wpr-jarallax-no wpr-parallax-no wpr-sticky-section-no e-con e-parent\" data-id=\"e909a82\" data-element_type=\"container\" data-settings=\"{&quot;background_background&quot;:&quot;video&quot;,&quot;background_video_link&quot;:&quot;https:\\\/\\\/welliwellnesspr.com\\\/wp-content\\\/uploads\\\/2025\\\/07\\\/996400_Child_Kid_1920x1080.mp4&quot;,&quot;background_play_on_mobile&quot;:&quot;yes&quot;,&quot;_ha_eqh_enable&quot;:false}\">\n\t\t<div class=\"elementor-background-video-container\" aria-hidden=\"true\">\n\t\t\t\t\t\t\t<video class=\"elementor-background-video-hosted\" autoplay muted playsinline loop><\/video>\n\t\t\t\t\t<\/div><div class=\"elementor-element elementor-element-3d11e09 e-con-full e-flex wpr-particle-no wpr-jarallax-no wpr-parallax-no wpr-sticky-section-no e-con e-child\" data-id=\"3d11e09\" data-element_type=\"container\" data-settings=\"{&quot;_ha_eqh_enable&quot;:false}\">\n\t\t\t\t<div class=\"elementor-element elementor-element-804cfaa elementor-widget elementor-widget-heading\" data-id=\"804cfaa\" data-element_type=\"widget\" data-widget_type=\"heading.default\">\n\t\t\t\t<div class=\"elementor-widget-container\">\n\t\t\t\t\t<h2 class=\"elementor-heading-title elementor-size-default\">Bienvenido a Welli.\n<\/h2>\t\t\t\t<\/div>\n\t\t\t\t<\/div>\n\t\t\t\t<div class=\"elementor-element elementor-element-a2eb443 elementor-widget__width-initial elementor-widget-tablet__width-initial elementor-widget elementor-widget-heading\" data-id=\"a2eb443\" data-element_type=\"widget\" data-widget_type=\"heading.default\">\n\t\t\t\t<div class=\"elementor-widget-container\">\n\t\t\t\t\t<h1 class=\"elementor-heading-title elementor-size-default\">GRACIAS POR COMUNICARTE CON NOSOTROS<\/h1>\t\t\t\t<\/div>\n\t\t\t\t<\/div>\n\t\t\t\t<div class=\"elementor-element elementor-element-12aa658 premium-lq__none elementor-widget elementor-widget-premium-addon-button\" data-id=\"12aa658\" data-element_type=\"widget\" data-widget_type=\"premium-addon-button.default\">\n\t\t\t\t<div class=\"elementor-widget-container\">\n\t\t\t\t\t\n\n\t\t<a class=\"premium-button premium-button-none premium-btn-lg premium-button-none\" href=\"https:\/\/welliwellnesspr.com\/es\">\n\t\t\t<div class=\"premium-button-text-icon-wrapper\">\n\t\t\t\t\n\t\t\t\t\t\t\t\t\t<span >\n\t\t\t\t\t\tInicio\t\t\t\t\t<\/span>\n\t\t\t\t\n\t\t\t\t\t\t\t<\/div>\n\n\t\t\t\n\t\t\t\n\t\t\t\n\t\t<\/a>\n\n\n\t\t\t\t\t\t<\/div>\n\t\t\t\t<\/div>\n\t\t\t\t<\/div>\n\t\t\t\t<\/div>\n\t\t\t\t<\/div>","protected":false},"excerpt":{"rendered":"<p>Bienvenido a Welli. GRACIAS POR COMUNICARTE CON NOSOTROS Inicio<\/p>","protected":false},"author":1,"featured_media":0,"parent":0,"menu_order":0,"comment_status":"closed","ping_status":"closed","template":"elementor_header_footer","meta":{"_eb_attr":"","_joinchat":[],"footnotes":""},"class_list":["post-99","page","type-page","status-publish","hentry"],"yoast_head":"<!-- This site is optimized with the Yoast SEO plugin v25.7 - https:\/\/yoast.com\/wordpress\/plugins\/seo\/ -->\n<title>Club de Biohacking en Puerto Rico | Welli Wellness &amp; Health<\/title>\n<meta name=\"description\" content=\"Descubre Welli, el \u00fanico club de biohacking en Puerto Rico. Mejora tu salud desde el eje intestino-cerebro.\" \/>\n<meta name=\"robots\" content=\"index, follow, max-snippet:-1, max-image-preview:large, max-video-preview:-1\" \/>\n<link rel=\"canonical\" href=\"https:\/\/welliwellnesspr.com\/es\/gracias\/\" \/>\n<meta property=\"og:locale\" content=\"es_ES\" \/>\n<meta property=\"og:type\" content=\"article\" \/>\n<meta property=\"og:title\" content=\"Club de Biohacking en Puerto Rico | Welli Wellness &amp; Health\" \/>\n<meta property=\"og:description\" content=\"Descubre Welli, el \u00fanico club de biohacking en Puerto Rico. Mejora tu salud desde el eje intestino-cerebro.\" \/>\n<meta property=\"og:url\" content=\"https:\/\/welliwellnesspr.com\/es\/gracias\/\" \/>\n<meta property=\"og:site_name\" content=\"Welli Wellness &amp; Biohacking Club\" \/>\n<meta property=\"article:modified_time\" content=\"2025-07-30T15:05:17+00:00\" \/>\n<meta property=\"og:image\" content=\"https:\/\/welliwellnesspr.com\/wp-content\/uploads\/2024\/11\/WELLI_LOGO_page-0001.jpg\" \/>\n\t<meta property=\"og:image:width\" content=\"2250\" \/>\n\t<meta property=\"og:image:height\" content=\"2250\" \/>\n\t<meta property=\"og:image:type\" content=\"image\/jpeg\" \/>\n<meta name=\"twitter:card\" content=\"summary_large_image\" \/>\n<meta name=\"twitter:label1\" content=\"Est. reading time\" \/>\n\t<meta name=\"twitter:data1\" content=\"1 minuto\" \/>\n<script type=\"application\/ld+json\" class=\"yoast-schema-graph\">{\"@context\":\"https:\/\/schema.org\",\"@graph\":[{\"@type\":\"WebPage\",\"@id\":\"https:\/\/welliwellnesspr.com\/gracias\/\",\"url\":\"https:\/\/welliwellnesspr.com\/gracias\/\",\"name\":\"Club de Biohacking en Puerto Rico | Welli Wellness & Health\",\"isPartOf\":{\"@id\":\"https:\/\/welliwellnesspr.com\/#website\"},\"datePublished\":\"2025-07-23T20:22:42+00:00\",\"dateModified\":\"2025-07-30T15:05:17+00:00\",\"description\":\"Descubre Welli, el \u00fanico club de biohacking en Puerto Rico. Mejora tu salud desde el eje intestino-cerebro.\",\"breadcrumb\":{\"@id\":\"https:\/\/welliwellnesspr.com\/gracias\/#breadcrumb\"},\"inLanguage\":\"es\",\"potentialAction\":[{\"@type\":\"ReadAction\",\"target\":[\"https:\/\/welliwellnesspr.com\/gracias\/\"]}]},{\"@type\":\"BreadcrumbList\",\"@id\":\"https:\/\/welliwellnesspr.com\/gracias\/#breadcrumb\",\"itemListElement\":[{\"@type\":\"ListItem\",\"position\":1,\"name\":\"Home\",\"item\":\"https:\/\/welliwellnesspr.com\/\"},{\"@type\":\"ListItem\",\"position\":2,\"name\":\"Gracias\"}]},{\"@type\":\"WebSite\",\"@id\":\"https:\/\/welliwellnesspr.com\/#website\",\"url\":\"https:\/\/welliwellnesspr.com\/\",\"name\":\"Welli Wellness &amp; Biohacking Club\",\"description\":\"WELLI Wellness &amp; Biohacking Club es un centro de bienestar futurista que integra ciencia avanzada, tecnolog\u00eda de \u00faltima generaci\u00f3n y medicina funcional.\",\"publisher\":{\"@id\":\"https:\/\/welliwellnesspr.com\/#organization\"},\"potentialAction\":[{\"@type\":\"SearchAction\",\"target\":{\"@type\":\"EntryPoint\",\"urlTemplate\":\"https:\/\/welliwellnesspr.com\/?s={search_term_string}\"},\"query-input\":{\"@type\":\"PropertyValueSpecification\",\"valueRequired\":true,\"valueName\":\"search_term_string\"}}],\"inLanguage\":\"es\"},{\"@type\":\"Organization\",\"@id\":\"https:\/\/welliwellnesspr.com\/#organization\",\"name\":\"Welli Wellness &amp; Biohacking Club\",\"url\":\"https:\/\/welliwellnesspr.com\/\",\"logo\":{\"@type\":\"ImageObject\",\"inLanguage\":\"es\",\"@id\":\"https:\/\/welliwellnesspr.com\/#\/schema\/logo\/image\/\",\"url\":\"https:\/\/welliwellnesspr.com\/wp-content\/uploads\/2024\/11\/WELLI_LOGO_page-0001.jpg\",\"contentUrl\":\"https:\/\/welliwellnesspr.com\/wp-content\/uploads\/2024\/11\/WELLI_LOGO_page-0001.jpg\",\"width\":2250,\"height\":2250,\"caption\":\"Welli Wellness &amp; Biohacking Club\"},\"image\":{\"@id\":\"https:\/\/welliwellnesspr.com\/#\/schema\/logo\/image\/\"}}]}<\/script>\n<!-- \/ Yoast SEO plugin. -->","yoast_head_json":{"title":"Club de Biohacking en Puerto Rico | Welli Wellness &amp; Health","description":"Descubre Welli, el \u00fanico club de biohacking en Puerto Rico. Mejora tu salud desde el eje intestino-cerebro.","robots":{"index":"index","follow":"follow","max-snippet":"max-snippet:-1","max-image-preview":"max-image-preview:large","max-video-preview":"max-video-preview:-1"},"canonical":"https:\/\/welliwellnesspr.com\/es\/gracias\/","og_locale":"es_ES","og_type":"article","og_title":"Club de Biohacking en Puerto Rico | Welli Wellness & Health","og_description":"Descubre Welli, el \u00fanico club de biohacking en Puerto Rico. Mejora tu salud desde el eje intestino-cerebro.","og_url":"https:\/\/welliwellnesspr.com\/es\/gracias\/","og_site_name":"Welli Wellness &amp; Biohacking Club","article_modified_time":"2025-07-30T15:05:17+00:00","og_image":[{"width":2250,"height":2250,"url":"https:\/\/welliwellnesspr.com\/wp-content\/uploads\/2024\/11\/WELLI_LOGO_page-0001.jpg","type":"image\/jpeg"}],"twitter_card":"summary_large_image","twitter_misc":{"Est. reading time":"1 minuto"},"schema":{"@context":"https:\/\/schema.org","@graph":[{"@type":"WebPage","@id":"https:\/\/welliwellnesspr.com\/gracias\/","url":"https:\/\/welliwellnesspr.com\/gracias\/","name":"Club de Biohacking en Puerto Rico | Welli Wellness &amp; Health","isPartOf":{"@id":"https:\/\/welliwellnesspr.com\/#website"},"datePublished":"2025-07-23T20:22:42+00:00","dateModified":"2025-07-30T15:05:17+00:00","description":"Descubre Welli, el \u00fanico club de biohacking en Puerto Rico. Mejora tu salud desde el eje intestino-cerebro.","breadcrumb":{"@id":"https:\/\/welliwellnesspr.com\/gracias\/#breadcrumb"},"inLanguage":"es","potentialAction":[{"@type":"ReadAction","target":["https:\/\/welliwellnesspr.com\/gracias\/"]}]},{"@type":"BreadcrumbList","@id":"https:\/\/welliwellnesspr.com\/gracias\/#breadcrumb","itemListElement":[{"@type":"ListItem","position":1,"name":"Home","item":"https:\/\/welliwellnesspr.com\/"},{"@type":"ListItem","position":2,"name":"Gracias"}]},{"@type":"WebSite","@id":"https:\/\/welliwellnesspr.com\/#website","url":"https:\/\/welliwellnesspr.com\/","name":"Welli Wellness &amp; Biohacking Club","description":"WELLI Wellness &amp; Biohacking Club es un centro de bienestar futurista que integra ciencia avanzada, tecnolog\u00eda de \u00faltima generaci\u00f3n y medicina funcional.","publisher":{"@id":"https:\/\/welliwellnesspr.com\/#organization"},"potentialAction":[{"@type":"SearchAction","target":{"@type":"EntryPoint","urlTemplate":"https:\/\/welliwellnesspr.com\/?s={search_term_string}"},"query-input":{"@type":"PropertyValueSpecification","valueRequired":true,"valueName":"search_term_string"}}],"inLanguage":"es"},{"@type":"Organization","@id":"https:\/\/welliwellnesspr.com\/#organization","name":"Welli Wellness &amp; Biohacking Club","url":"https:\/\/welliwellnesspr.com\/","logo":{"@type":"ImageObject","inLanguage":"es","@id":"https:\/\/welliwellnesspr.com\/#\/schema\/logo\/image\/","url":"https:\/\/welliwellnesspr.com\/wp-content\/uploads\/2024\/11\/WELLI_LOGO_page-0001.jpg","contentUrl":"https:\/\/welliwellnesspr.com\/wp-content\/uploads\/2024\/11\/WELLI_LOGO_page-0001.jpg","width":2250,"height":2250,"caption":"Welli Wellness &amp; Biohacking Club"},"image":{"@id":"https:\/\/welliwellnesspr.com\/#\/schema\/logo\/image\/"}}]}},"_links":{"self":[{"href":"https:\/\/welliwellnesspr.com\/es\/wp-json\/wp\/v2\/pages\/99","targetHints":{"allow":["GET"]}}],"collection":[{"href":"https:\/\/welliwellnesspr.com\/es\/wp-json\/wp\/v2\/pages"}],"about":[{"href":"https:\/\/welliwellnesspr.com\/es\/wp-json\/wp\/v2\/types\/page"}],"author":[{"embeddable":true,"href":"https:\/\/welliwellnesspr.com\/es\/wp-json\/wp\/v2\/users\/1"}],"replies":[{"embeddable":true,"href":"https:\/\/welliwellnesspr.com\/es\/wp-json\/wp\/v2\/comments?post=99"}],"version-history":[{"count":13,"href":"https:\/\/welliwellnesspr.com\/es\/wp-json\/wp\/v2\/pages\/99\/revisions"}],"predecessor-version":[{"id":845,"href":"https:\/\/welliwellnesspr.com\/es\/wp-json\/wp\/v2\/pages\/99\/revisions\/845"}],"wp:attachment":[{"href":"https:\/\/welliwellnesspr.com\/es\/wp-json\/wp\/v2\/media?parent=99"}],"curies":[{"name":"wp","href":"https:\/\/api.w.org\/{rel}","templated":true}]}}